{"id":574,"date":"2026-01-15T11:27:10","date_gmt":"2026-01-15T08:27:10","guid":{"rendered":"http:\/\/univ-eltarf.dz\/ucbet\/fsnv\/?page_id=574"},"modified":"2026-01-15T12:08:19","modified_gmt":"2026-01-15T09:08:19","slug":"dept-science-agro","status":"publish","type":"page","link":"http:\/\/univ-eltarf.dz\/ucbet\/fsnv\/dept-science-agro\/","title":{"rendered":"\u0642\u0633\u0645 \u0627\u0644\u0639\u0644\u0648\u0645 \u0627\u0644\u0641\u0644\u0627\u062d\u064a\u0629"},"content":{"rendered":"\t\t<div data-elementor-type=\"wp-page\" data-elementor-id=\"574\" class=\"elementor elementor-574\" data-elementor-settings=\"[]\">\n\t\t\t\t\t\t\t<div class=\"elementor-section-wrap\">\n\t\t\t\t\t\t\t<section data-particle_enable=\"false\" data-particle-mobile-disabled=\"false\" class=\"elementor-section elementor-top-section elementor-element elementor-element-3a05a38 elementor-section-boxed elementor-section-height-default elementor-section-height-default\" data-id=\"3a05a38\" data-element_type=\"section\" data-settings=\"{&quot;background_background&quot;:&quot;classic&quot;,&quot;_ha_eqh_enable&quot;:false}\">\n\t\t\t\t\t\t<div class=\"elementor-container elementor-column-gap-default\">\n\t\t\t\t\t<div class=\"elementor-column elementor-col-100 elementor-top-column elementor-element elementor-element-f5c2b97\" data-id=\"f5c2b97\" data-element_type=\"column\">\n\t\t\t<div class=\"elementor-widget-wrap elementor-element-populated\">\n\t\t\t\t\t\t\t\t\t<\/div>\n\t\t<\/div>\n\t\t\t\t\t\t\t<\/div>\n\t\t<\/section>\n\t\t\t\t<section data-particle_enable=\"false\" data-particle-mobile-disabled=\"false\" class=\"elementor-section elementor-top-section elementor-element elementor-element-53a49a3 elementor-section-boxed elementor-section-height-default elementor-section-height-default\" data-id=\"53a49a3\" data-element_type=\"section\" data-settings=\"{&quot;_ha_eqh_enable&quot;:false}\">\n\t\t\t\t\t\t<div class=\"elementor-container elementor-column-gap-default\">\n\t\t\t\t\t<div class=\"elementor-column elementor-col-50 elementor-top-column elementor-element elementor-element-043a1a8\" data-id=\"043a1a8\" data-element_type=\"column\">\n\t\t\t<div class=\"elementor-widget-wrap elementor-element-populated\">\n\t\t\t\t\t\t\t\t<div class=\"elementor-element elementor-element-f52a247 elementor-widget elementor-widget-image\" data-id=\"f52a247\" data-element_type=\"widget\" data-widget_type=\"image.default\">\n\t\t\t\t<div class=\"elementor-widget-container\">\n\t\t\t<style>\/*! elementor - v3.5.5 - 03-02-2022 *\/\n.elementor-widget-image{text-align:center}.elementor-widget-image a{display:inline-block}.elementor-widget-image a img[src$=\".svg\"]{width:48px}.elementor-widget-image img{vertical-align:middle;display:inline-block}<\/style>\t\t\t\t\t\t\t\t\t\t\t\t<img width=\"416\" height=\"440\" src=\"http:\/\/univ-eltarf.dz\/ucbet\/fsnv\/wp-content\/uploads\/sites\/7\/2026\/01\/sameh.jpg\" class=\"attachment-large size-large\" alt=\"\" loading=\"lazy\" \/>\t\t\t\t\t\t\t\t\t\t\t\t\t\t\t<\/div>\n\t\t\t\t<\/div>\n\t\t\t\t<div class=\"elementor-element elementor-element-3f64adf elementor-widget elementor-widget-heading\" data-id=\"3f64adf\" data-element_type=\"widget\" data-widget_type=\"heading.default\">\n\t\t\t\t<div class=\"elementor-widget-container\">\n\t\t\t<style>\/*! elementor - v3.5.5 - 03-02-2022 *\/\n.elementor-heading-title{padding:0;margin:0;line-height:1}.elementor-widget-heading .elementor-heading-title[class*=elementor-size-]>a{color:inherit;font-size:inherit;line-height:inherit}.elementor-widget-heading .elementor-heading-title.elementor-size-small{font-size:15px}.elementor-widget-heading .elementor-heading-title.elementor-size-medium{font-size:19px}.elementor-widget-heading .elementor-heading-title.elementor-size-large{font-size:29px}.elementor-widget-heading .elementor-heading-title.elementor-size-xl{font-size:39px}.elementor-widget-heading .elementor-heading-title.elementor-size-xxl{font-size:59px}<\/style><h2 class=\"elementor-heading-title elementor-size-default\">Dr. SAHI Sameh<\/h2>\t\t<\/div>\n\t\t\t\t<\/div>\n\t\t\t\t<div class=\"elementor-element elementor-element-9619ed0 elementor-widget elementor-widget-heading\" data-id=\"9619ed0\" data-element_type=\"widget\" data-widget_type=\"heading.default\">\n\t\t\t\t<div class=\"elementor-widget-container\">\n\t\t\t<h2 class=\"elementor-heading-title elementor-size-default\">Chef de d\u00e9partement<\/h2>\t\t<\/div>\n\t\t\t\t<\/div>\n\t\t\t\t<div class=\"elementor-element elementor-element-37e632d elementor-widget elementor-widget-heading\" data-id=\"37e632d\" data-element_type=\"widget\" data-widget_type=\"heading.default\">\n\t\t\t\t<div class=\"elementor-widget-container\">\n\t\t\t<h2 class=\"elementor-heading-title elementor-size-default\">Contact\u00a0: agronomie@univ-eltarf.dz<\/h2>\t\t<\/div>\n\t\t\t\t<\/div>\n\t\t\t\t\t<\/div>\n\t\t<\/div>\n\t\t\t\t<div class=\"elementor-column elementor-col-50 elementor-top-column elementor-element elementor-element-2bfb94f\" data-id=\"2bfb94f\" data-element_type=\"column\">\n\t\t\t<div class=\"elementor-widget-wrap elementor-element-populated\">\n\t\t\t\t\t\t\t\t<div class=\"elementor-element elementor-element-8113da4 elementor-widget elementor-widget-text-editor\" data-id=\"8113da4\" data-element_type=\"widget\" data-widget_type=\"text-editor.default\">\n\t\t\t\t<div class=\"elementor-widget-container\">\n\t\t\t<style>\/*! elementor - v3.5.5 - 03-02-2022 *\/\n.elementor-widget-text-editor.elementor-drop-cap-view-stacked .elementor-drop-cap{background-color:#818a91;color:#fff}.elementor-widget-text-editor.elementor-drop-cap-view-framed .elementor-drop-cap{color:#818a91;border:3px solid;background-color:transparent}.elementor-widget-text-editor:not(.elementor-drop-cap-view-default) .elementor-drop-cap{margin-top:8px}.elementor-widget-text-editor:not(.elementor-drop-cap-view-default) .elementor-drop-cap-letter{width:1em;height:1em}.elementor-widget-text-editor .elementor-drop-cap{float:right;text-align:center;line-height:1;font-size:50px}.elementor-widget-text-editor .elementor-drop-cap-letter{display:inline-block}<\/style>\t\t\t\t<p style=\"text-align: center;\"><strong>\ud83c\udf93<\/strong><strong> Pr\u00e9sentation g\u00e9n\u00e9rale<\/strong><\/p><p style=\"text-align: center;\">Le D\u00e9partement des Sciences Agronomiques rel\u00e8ve de la Facult\u00e9 des Sciences de la Nature et de la Vie de l\u2019Universit\u00e9 Chadli Bendjedid d\u2019El Tarf (ancien Institut Agro-V\u00e9t\u00e9rinaire). Il a pour mission principale de former des cadres qualifi\u00e9s dans le domaine agronomique, capables de r\u00e9pondre efficacement aux enjeux du d\u00e9veloppement agricole et agro-alimentaire \u00e0 l\u2019\u00e9chelle nationale. \u00c0 travers une approche alliant th\u00e9orie et pratique, le d\u00e9partement pr\u00e9pare les \u00e9tudiants \u00e0 int\u00e9grer le monde professionnel et de la recherche. Le d\u00e9partement assure notamment :<\/p><ul style=\"text-align: center;\"><li>Une formation th\u00e9orique et pratique solide en sciences agronomiques ;<\/li><li>Le d\u00e9veloppement de comp\u00e9tences scientifiques et techniques adapt\u00e9es aux m\u00e9tiers de l\u2019agriculture, de l\u2019environnement, ainsi qu\u2019\u00e0 la production v\u00e9g\u00e9tale et animale ;<\/li><\/ul><p style=\"text-align: center;\">La participation active \u00e0 des activit\u00e9s de recherche et d\u2019innovation contribuant \u00e0 l\u2019am\u00e9lioration et \u00e0 la durabilit\u00e9 du secteur agronomique.la cr\u00e9ation de ce d\u00e9partement s\u2019est propos\u00e9 par le fait qu\u2019une fili\u00e8re des sciences agronomiques est cr\u00e9\u00e9e ce qui impose un organe qui veille sur sa de gestion. \u00e0 partir de l\u2019Ann\u00e9e 2016, une deuxi\u00e8me fili\u00e8re venait d\u2019\u00eatre agr\u00e9e et qui se rapporte \u00e0 l\u2019agroalimentaire.<\/p><p style=\"text-align: center;\">La cr\u00e9ation des fili\u00e8res sciences agronomiques et agroalimentaires, associ\u00e9es au d\u00e9partement des sciences agronomiques, n\u2019\u00e9tait pas fortuit mais plut\u00f4t un choix strat\u00e9gique dict\u00e9 par le caract\u00e8re de l\u2019environnement socio-\u00e9conomique de la r\u00e9gion dont la vocation est \u00e0 pr\u00e9dominance agrosylvopastorale et agricole auquel s\u2019ajoute la position g\u00e9ographique strat\u00e9gique.<\/p><p style=\"text-align: center;\">Chef de d\u00e9partement\u00a0:<\/p><p style=\"text-align: center;\">Dr. SAHI Sameh<\/p><p style=\"text-align: center;\">Contact\u00a0: agronomie@univ-eltarf.dz<\/p>\t\t\t\t\t\t<\/div>\n\t\t\t\t<\/div>\n\t\t\t\t\t<\/div>\n\t\t<\/div>\n\t\t\t\t\t\t\t<\/div>\n\t\t<\/section>\n\t\t\t\t\t\t<\/div>\n\t\t\t\t\t<\/div>\n\t\t","protected":false},"excerpt":{"rendered":"<p>Dr. SAHI Sameh Chef de d\u00e9partement Contact\u00a0: agronomie@univ-eltarf.dz \ud83c\udf93 Pr\u00e9sentation g\u00e9n\u00e9rale Le D\u00e9partement des Sciences Agronomiques rel\u00e8ve de la Facult\u00e9 des Sciences de la Nature et de la Vie de l\u2019Universit\u00e9 Chadli Bendjedid d\u2019El Tarf (ancien Institut Agro-V\u00e9t\u00e9rinaire). Il a pour mission principale de former des cadres qualifi\u00e9s dans le domaine agronomique, capables de r\u00e9pondre [&hellip;]<\/p>\n<div class=\"pvc_clear\"><\/div>\n<p id=\"pvc_stats_574\" class=\"pvc_stats all  \" data-element-id=\"574\" style=\"\"><i class=\"pvc-stats-icon medium\" aria-hidden=\"true\"><svg aria-hidden=\"true\" focusable=\"false\" data-prefix=\"far\" data-icon=\"chart-bar\" role=\"img\" xmlns=\"http:\/\/www.w3.org\/2000\/svg\" viewBox=\"0 0 512 512\" class=\"svg-inline--fa fa-chart-bar fa-w-16 fa-2x\"><path fill=\"currentColor\" d=\"M396.8 352h22.4c6.4 0 12.8-6.4 12.8-12.8V108.8c0-6.4-6.4-12.8-12.8-12.8h-22.4c-6.4 0-12.8 6.4-12.8 12.8v230.4c0 6.4 6.4 12.8 12.8 12.8zm-192 0h22.4c6.4 0 12.8-6.4 12.8-12.8V140.8c0-6.4-6.4-12.8-12.8-12.8h-22.4c-6.4 0-12.8 6.4-12.8 12.8v198.4c0 6.4 6.4 12.8 12.8 12.8zm96 0h22.4c6.4 0 12.8-6.4 12.8-12.8V204.8c0-6.4-6.4-12.8-12.8-12.8h-22.4c-6.4 0-12.8 6.4-12.8 12.8v134.4c0 6.4 6.4 12.8 12.8 12.8zM496 400H48V80c0-8.84-7.16-16-16-16H16C7.16 64 0 71.16 0 80v336c0 17.67 14.33 32 32 32h464c8.84 0 16-7.16 16-16v-16c0-8.84-7.16-16-16-16zm-387.2-48h22.4c6.4 0 12.8-6.4 12.8-12.8v-70.4c0-6.4-6.4-12.8-12.8-12.8h-22.4c-6.4 0-12.8 6.4-12.8 12.8v70.4c0 6.4 6.4 12.8 12.8 12.8z\" class=\"\"><\/path><\/svg><\/i> <img loading=\"lazy\" width=\"16\" height=\"16\" alt=\"Loading\" src=\"http:\/\/univ-eltarf.dz\/ucbet\/fsnv\/wp-content\/plugins\/page-views-count\/ajax-loader-2x.gif\" border=0 \/><\/p>\n<div class=\"pvc_clear\"><\/div>\n","protected":false},"author":1,"featured_media":585,"parent":0,"menu_order":0,"comment_status":"closed","ping_status":"closed","template":"","meta":{"om_disable_all_campaigns":false},"_links":{"self":[{"href":"http:\/\/univ-eltarf.dz\/ucbet\/fsnv\/wp-json\/wp\/v2\/pages\/574"}],"collection":[{"href":"http:\/\/univ-eltarf.dz\/ucbet\/fsnv\/wp-json\/wp\/v2\/pages"}],"about":[{"href":"http:\/\/univ-eltarf.dz\/ucbet\/fsnv\/wp-json\/wp\/v2\/types\/page"}],"author":[{"embeddable":true,"href":"http:\/\/univ-eltarf.dz\/ucbet\/fsnv\/wp-json\/wp\/v2\/users\/1"}],"replies":[{"embeddable":true,"href":"http:\/\/univ-eltarf.dz\/ucbet\/fsnv\/wp-json\/wp\/v2\/comments?post=574"}],"version-history":[{"count":10,"href":"http:\/\/univ-eltarf.dz\/ucbet\/fsnv\/wp-json\/wp\/v2\/pages\/574\/revisions"}],"predecessor-version":[{"id":586,"href":"http:\/\/univ-eltarf.dz\/ucbet\/fsnv\/wp-json\/wp\/v2\/pages\/574\/revisions\/586"}],"wp:featuredmedia":[{"embeddable":true,"href":"http:\/\/univ-eltarf.dz\/ucbet\/fsnv\/wp-json\/wp\/v2\/media\/585"}],"wp:attachment":[{"href":"http:\/\/univ-eltarf.dz\/ucbet\/fsnv\/wp-json\/wp\/v2\/media?parent=574"}],"curies":[{"name":"wp","href":"https:\/\/api.w.org\/{rel}","templated":true}]}}