{"id":616,"date":"2026-01-20T11:08:34","date_gmt":"2026-01-20T08:08:34","guid":{"rendered":"http:\/\/univ-eltarf.dz\/ucbet\/fsnv\/?page_id=616"},"modified":"2026-01-20T11:25:00","modified_gmt":"2026-01-20T08:25:00","slug":"doctorat","status":"publish","type":"page","link":"http:\/\/univ-eltarf.dz\/ucbet\/fsnv\/doctorat\/","title":{"rendered":"\u0639\u0631\u0648\u0636 \u0627\u0644\u062a\u0643\u0648\u064a\u0646 &#8211; \u062f\u0643\u062a\u0648\u0631\u0627\u0647"},"content":{"rendered":"\t\t<div data-elementor-type=\"wp-page\" data-elementor-id=\"616\" class=\"elementor elementor-616\" data-elementor-settings=\"[]\">\n\t\t\t\t\t\t\t<div class=\"elementor-section-wrap\">\n\t\t\t\t\t\t\t<section data-particle_enable=\"false\" data-particle-mobile-disabled=\"false\" class=\"elementor-section elementor-top-section elementor-element elementor-element-837224d elementor-section-boxed elementor-section-height-default elementor-section-height-default\" data-id=\"837224d\" data-element_type=\"section\" data-settings=\"{&quot;_ha_eqh_enable&quot;:false}\">\n\t\t\t\t\t\t<div class=\"elementor-container elementor-column-gap-default\">\n\t\t\t\t\t<div class=\"elementor-column elementor-col-100 elementor-top-column elementor-element elementor-element-b82e6ad\" data-id=\"b82e6ad\" data-element_type=\"column\">\n\t\t\t<div class=\"elementor-widget-wrap elementor-element-populated\">\n\t\t\t\t\t\t\t\t\t<\/div>\n\t\t<\/div>\n\t\t\t\t\t\t\t<\/div>\n\t\t<\/section>\n\t\t\t\t<section data-particle_enable=\"false\" data-particle-mobile-disabled=\"false\" class=\"elementor-section elementor-top-section elementor-element elementor-element-50eb601 elementor-section-boxed elementor-section-height-default elementor-section-height-default\" data-id=\"50eb601\" data-element_type=\"section\" data-settings=\"{&quot;_ha_eqh_enable&quot;:false}\">\n\t\t\t\t\t\t<div class=\"elementor-container elementor-column-gap-default\">\n\t\t\t\t\t<div class=\"elementor-column elementor-col-100 elementor-top-column elementor-element elementor-element-45ede31\" data-id=\"45ede31\" data-element_type=\"column\">\n\t\t\t<div class=\"elementor-widget-wrap elementor-element-populated\">\n\t\t\t\t\t\t\t\t<div class=\"elementor-element elementor-element-1d54032 elementor-widget elementor-widget-heading\" data-id=\"1d54032\" data-element_type=\"widget\" data-widget_type=\"heading.default\">\n\t\t\t\t<div class=\"elementor-widget-container\">\n\t\t\t<style>\/*! elementor - v3.5.5 - 03-02-2022 *\/\n.elementor-heading-title{padding:0;margin:0;line-height:1}.elementor-widget-heading .elementor-heading-title[class*=elementor-size-]>a{color:inherit;font-size:inherit;line-height:inherit}.elementor-widget-heading .elementor-heading-title.elementor-size-small{font-size:15px}.elementor-widget-heading .elementor-heading-title.elementor-size-medium{font-size:19px}.elementor-widget-heading .elementor-heading-title.elementor-size-large{font-size:29px}.elementor-widget-heading .elementor-heading-title.elementor-size-xl{font-size:39px}.elementor-widget-heading .elementor-heading-title.elementor-size-xxl{font-size:59px}<\/style><h2 class=\"elementor-heading-title elementor-size-default\">\u0642\u0633\u0645 \u0627\u0644\u0628\u064a\u0648\u0644\u0648\u062c\u064a\u0627 <\/h2>\t\t<\/div>\n\t\t\t\t<\/div>\n\t\t\t\t\t<\/div>\n\t\t<\/div>\n\t\t\t\t\t\t\t<\/div>\n\t\t<\/section>\n\t\t\t\t<section data-particle_enable=\"false\" data-particle-mobile-disabled=\"false\" class=\"elementor-section elementor-top-section elementor-element elementor-element-66a4248 elementor-section-boxed elementor-section-height-default elementor-section-height-default\" data-id=\"66a4248\" data-element_type=\"section\" data-settings=\"{&quot;_ha_eqh_enable&quot;:false}\">\n\t\t\t\t\t\t<div class=\"elementor-container elementor-column-gap-default\">\n\t\t\t\t\t<div class=\"elementor-column elementor-col-100 elementor-top-column elementor-element elementor-element-80242a5\" data-id=\"80242a5\" data-element_type=\"column\">\n\t\t\t<div class=\"elementor-widget-wrap elementor-element-populated\">\n\t\t\t\t\t\t\t\t<div class=\"elementor-element elementor-element-40e39e1 elementor-widget elementor-widget-text-editor\" data-id=\"40e39e1\" data-element_type=\"widget\" data-widget_type=\"text-editor.default\">\n\t\t\t\t<div class=\"elementor-widget-container\">\n\t\t\t<style>\/*! elementor - v3.5.5 - 03-02-2022 *\/\n.elementor-widget-text-editor.elementor-drop-cap-view-stacked .elementor-drop-cap{background-color:#818a91;color:#fff}.elementor-widget-text-editor.elementor-drop-cap-view-framed .elementor-drop-cap{color:#818a91;border:3px solid;background-color:transparent}.elementor-widget-text-editor:not(.elementor-drop-cap-view-default) .elementor-drop-cap{margin-top:8px}.elementor-widget-text-editor:not(.elementor-drop-cap-view-default) .elementor-drop-cap-letter{width:1em;height:1em}.elementor-widget-text-editor .elementor-drop-cap{float:right;text-align:center;line-height:1;font-size:50px}.elementor-widget-text-editor .elementor-drop-cap-letter{display:inline-block}<\/style>\t\t\t\t<ul><li><p><strong>Doctorants Es-Sciences <\/strong><strong>-1 \u062f\u0643\u062a\u0648\u0631\u0627\u0647 \u0639\u0644\u0648\u0645:<\/strong><\/p><p><strong>-2- \u062f\u0643\u062a\u0648\u0631\u0627\u0647 \u0627\u0644\u0637\u0648\u0631 \u0627\u0644\u062b\u0627\u0644\u062b : <\/strong><strong>LMD<\/strong><\/p><ul><li><strong>\u0634\u0639\u0628\u0629 :\u0627\u0644\u0639\u0644\u0648\u0645 <\/strong><strong>\u0627\u0644\u0628\u064a\u0648\u0644\u0648\u062c\u064a\u0629<\/strong><strong> \u00ab\u00a0Sciences Biologiques\u00a0\u00bb <\/strong><\/li><li><strong>\u0634\u0639\u0628\u0629 :<\/strong><strong>Ecologie \u00e9volutive, fonctionnelle et des communaut\u00e9s<\/strong><\/li><li><strong>\u0634\u0639\u0628\u0629<\/strong><strong> :\u00ab <\/strong><strong>Biologie et conservation des zones humides<\/strong><strong> \u00bb<\/strong><\/li><li><strong>\u0634\u0639\u0628\u0629<\/strong>: <strong>\u00ab\u00a0Ecotoxicologie, environnement et sant\u00e9<\/strong><\/li><li><strong>\u0634\u0639\u0628\u0629 : <u>\u0639\u0644\u0645 \u0627\u0644\u0628\u064a\u0626\u0629 \u0648 \u0627\u0644\u0645\u062d\u064a\u0637<\/u><\/strong><strong>\u00ab\u00a0Ecologie et Environnement<\/strong>\u00a0<strong>\u00bb<\/strong><\/li><li><strong>\u0634\u0639\u0628\u0629 \u0628\u064a\u0648\u062a\u0643\u0646\u0648\u0644\u0648\u062c\u064a\u0627: <\/strong><\/li><li><strong>\u0627\u0644\u062a\u062e\u0635\u06351<\/strong><strong>: <\/strong>Biotechnologie Pharmaceutique\u00a0<\/li><li><strong>\u0627\u0644\u062a\u062e\u0635\u06352: <\/strong>Biotechnologie et Sant\u00e9<\/li><\/ul><\/li><\/ul>\t\t\t\t\t\t<\/div>\n\t\t\t\t<\/div>\n\t\t\t\t\t<\/div>\n\t\t<\/div>\n\t\t\t\t\t\t\t<\/div>\n\t\t<\/section>\n\t\t\t\t<section data-particle_enable=\"false\" data-particle-mobile-disabled=\"false\" class=\"elementor-section elementor-top-section elementor-element elementor-element-9b0eef0 elementor-section-boxed elementor-section-height-default elementor-section-height-default\" data-id=\"9b0eef0\" data-element_type=\"section\" data-settings=\"{&quot;_ha_eqh_enable&quot;:false}\">\n\t\t\t\t\t\t<div class=\"elementor-container elementor-column-gap-default\">\n\t\t\t\t\t<div class=\"elementor-column elementor-col-100 elementor-top-column elementor-element elementor-element-7197549\" data-id=\"7197549\" data-element_type=\"column\">\n\t\t\t<div class=\"elementor-widget-wrap elementor-element-populated\">\n\t\t\t\t\t\t\t\t<div class=\"elementor-element elementor-element-2e0ccf8 elementor-widget elementor-widget-heading\" data-id=\"2e0ccf8\" data-element_type=\"widget\" data-widget_type=\"heading.default\">\n\t\t\t\t<div class=\"elementor-widget-container\">\n\t\t\t<h2 class=\"elementor-heading-title elementor-size-default\">\u0642\u0633\u0645 \u0627\u0644\u0639\u0644\u0648\u0645 \u0627\u0644\u0641\u0644\u0627\u062d\u064a\u0629<\/h2>\t\t<\/div>\n\t\t\t\t<\/div>\n\t\t\t\t\t<\/div>\n\t\t<\/div>\n\t\t\t\t\t\t\t<\/div>\n\t\t<\/section>\n\t\t\t\t<section data-particle_enable=\"false\" data-particle-mobile-disabled=\"false\" class=\"elementor-section elementor-top-section elementor-element elementor-element-4ed3b23 elementor-section-boxed elementor-section-height-default elementor-section-height-default\" data-id=\"4ed3b23\" data-element_type=\"section\" data-settings=\"{&quot;_ha_eqh_enable&quot;:false}\">\n\t\t\t\t\t\t<div class=\"elementor-container elementor-column-gap-default\">\n\t\t\t\t\t<div class=\"elementor-column elementor-col-100 elementor-top-column elementor-element elementor-element-d94a488\" data-id=\"d94a488\" data-element_type=\"column\">\n\t\t\t<div class=\"elementor-widget-wrap elementor-element-populated\">\n\t\t\t\t\t\t\t\t<div class=\"elementor-element elementor-element-e0ff0ee elementor-widget elementor-widget-text-editor\" data-id=\"e0ff0ee\" data-element_type=\"widget\" data-widget_type=\"text-editor.default\">\n\t\t\t\t<div class=\"elementor-widget-container\">\n\t\t\t\t\t\t\t<ul><li><p><strong>\u00a0\u00a0\u00a0\u00a0\u00a0 <\/strong><strong>Doctorants Es-Sciences <\/strong><strong>-1 \u062f\u0643\u062a\u0648\u0631\u0627\u0647 \u0639\u0644\u0648\u0645:<\/strong><\/p><p><strong>-2- \u062f\u0643\u062a\u0648\u0631\u0627\u0647 \u0627\u0644\u0637\u0648\u0631 \u0627\u0644\u062b\u0627\u0644\u062b : <\/strong><strong>LMD<\/strong><\/p><p><strong>&#8211;\u00a0\u00a0\u00a0 \u0627\u0644\u062a\u062e\u0635\u0635\u0627\u062a: <\/strong><\/p><p><strong>&#8211;<\/strong><strong>\u00a0\u00a0\u00a0\u00a0 \u00a0* Gestion durable et production animale <\/strong><\/p><p><strong>\u00a0<\/strong><\/p><p><strong>* <\/strong><strong>Formation doctorale en Sciences Agronomiques: <\/strong><\/p><ul><li><strong>Protection des For\u00eats <\/strong><strong>\u00a0\u00a0<\/strong><\/li><li><strong>Gestion des Agro-\u00e9cosyst\u00e8mes<\/strong><\/li><li><strong>Eau, Environnement et Foresterie<\/strong><\/li><\/ul><p><strong>\u00a0<\/strong><\/p><p><strong>*<\/strong><strong>Formation doctorale en Sciences Alimentaires: <\/strong><\/p><p><strong>Nutrition et sciences des aliments<\/strong><strong>&#8211; 1\u00a0\u00a0\u00a0\u00a0\u00a0 <\/strong><\/p><p>\u00a0<\/p><strong>Qualit\u00e9 des produits et s\u00e9curit\u00e9 alimentaire<\/strong><\/li><\/ul>\t\t\t\t\t\t<\/div>\n\t\t\t\t<\/div>\n\t\t\t\t\t<\/div>\n\t\t<\/div>\n\t\t\t\t\t\t\t<\/div>\n\t\t<\/section>\n\t\t\t\t<section data-particle_enable=\"false\" data-particle-mobile-disabled=\"false\" class=\"elementor-section elementor-top-section elementor-element elementor-element-8b63033 elementor-section-boxed elementor-section-height-default elementor-section-height-default\" data-id=\"8b63033\" data-element_type=\"section\" data-settings=\"{&quot;_ha_eqh_enable&quot;:false}\">\n\t\t\t\t\t\t<div class=\"elementor-container elementor-column-gap-default\">\n\t\t\t\t\t<div class=\"elementor-column elementor-col-100 elementor-top-column elementor-element elementor-element-d7f93a5\" data-id=\"d7f93a5\" data-element_type=\"column\">\n\t\t\t<div class=\"elementor-widget-wrap elementor-element-populated\">\n\t\t\t\t\t\t\t\t<div class=\"elementor-element elementor-element-68fe166 elementor-widget elementor-widget-heading\" data-id=\"68fe166\" data-element_type=\"widget\" data-widget_type=\"heading.default\">\n\t\t\t\t<div class=\"elementor-widget-container\">\n\t\t\t<h2 class=\"elementor-heading-title elementor-size-default\">\u0642\u0633\u0645 \u0639\u0644\u0648\u0645 \u0627\u0644\u0628\u062d\u0627\u0631<\/h2>\t\t<\/div>\n\t\t\t\t<\/div>\n\t\t\t\t\t<\/div>\n\t\t<\/div>\n\t\t\t\t\t\t\t<\/div>\n\t\t<\/section>\n\t\t\t\t<section data-particle_enable=\"false\" data-particle-mobile-disabled=\"false\" class=\"elementor-section elementor-top-section elementor-element elementor-element-656ae5a elementor-section-boxed elementor-section-height-default elementor-section-height-default\" data-id=\"656ae5a\" data-element_type=\"section\" data-settings=\"{&quot;_ha_eqh_enable&quot;:false}\">\n\t\t\t\t\t\t<div class=\"elementor-container elementor-column-gap-default\">\n\t\t\t\t\t<div class=\"elementor-column elementor-col-100 elementor-top-column elementor-element elementor-element-3380a6f\" data-id=\"3380a6f\" data-element_type=\"column\">\n\t\t\t<div class=\"elementor-widget-wrap elementor-element-populated\">\n\t\t\t\t\t\t\t\t<div class=\"elementor-element elementor-element-e4cc3b6 elementor-widget elementor-widget-text-editor\" data-id=\"e4cc3b6\" data-element_type=\"widget\" data-widget_type=\"text-editor.default\">\n\t\t\t\t<div class=\"elementor-widget-container\">\n\t\t\t\t\t\t\t<ul><li><p><strong>Doctorants Es-Sciences <\/strong><strong>-1 \u062f\u0643\u062a\u0648\u0631\u0627\u0647 \u0639\u0644\u0648\u0645:<\/strong><\/p><p><strong>-2- \u062f\u0643\u062a\u0648\u0631\u0627\u0647 \u0627\u0644\u0637\u0648\u0631 \u0627\u0644\u062b\u0627\u0644\u062b : <\/strong><strong>LMD<\/strong><\/p><ul><li><strong>&#8220;Bio ressources marines &#8220;gestion et exploitation&#8221;<\/strong><\/li><li><strong>\u00ab\u00a0Ecosyst\u00e8mes aquatiques &#8220;Biosurveillance et gestion int\u00e9gr\u00e9e\u00a0\u00bb<\/strong><\/li><li><strong>\u00ab\u00a0<\/strong><strong> Bioindication des milieux aquatiques\u00a0: environnement et risques.\u00a0\u00bb<\/strong><\/li><\/ul><\/li><\/ul>\t\t\t\t\t\t<\/div>\n\t\t\t\t<\/div>\n\t\t\t\t\t<\/div>\n\t\t<\/div>\n\t\t\t\t\t\t\t<\/div>\n\t\t<\/section>\n\t\t\t\t<section data-particle_enable=\"false\" data-particle-mobile-disabled=\"false\" class=\"elementor-section elementor-top-section elementor-element elementor-element-035e449 elementor-section-boxed elementor-section-height-default elementor-section-height-default\" data-id=\"035e449\" data-element_type=\"section\" data-settings=\"{&quot;_ha_eqh_enable&quot;:false}\">\n\t\t\t\t\t\t<div class=\"elementor-container elementor-column-gap-default\">\n\t\t\t\t\t<div class=\"elementor-column elementor-col-100 elementor-top-column elementor-element elementor-element-527208c\" data-id=\"527208c\" data-element_type=\"column\">\n\t\t\t<div class=\"elementor-widget-wrap elementor-element-populated\">\n\t\t\t\t\t\t\t\t<div class=\"elementor-element elementor-element-043304a elementor-widget elementor-widget-heading\" data-id=\"043304a\" data-element_type=\"widget\" data-widget_type=\"heading.default\">\n\t\t\t\t<div class=\"elementor-widget-container\">\n\t\t\t<h2 class=\"elementor-heading-title elementor-size-default\">\u0642\u0633\u0645 \u0627\u0644\u0639\u0644\u0648\u0645 \u0627\u0644\u0628\u064a\u0637\u0631\u064a\u0629<\/h2>\t\t<\/div>\n\t\t\t\t<\/div>\n\t\t\t\t\t<\/div>\n\t\t<\/div>\n\t\t\t\t\t\t\t<\/div>\n\t\t<\/section>\n\t\t\t\t<section data-particle_enable=\"false\" data-particle-mobile-disabled=\"false\" class=\"elementor-section elementor-top-section elementor-element elementor-element-8d6c3e8 elementor-section-boxed elementor-section-height-default elementor-section-height-default\" data-id=\"8d6c3e8\" data-element_type=\"section\" data-settings=\"{&quot;_ha_eqh_enable&quot;:false}\">\n\t\t\t\t\t\t<div class=\"elementor-container elementor-column-gap-default\">\n\t\t\t\t\t<div class=\"elementor-column elementor-col-100 elementor-top-column elementor-element elementor-element-208b5b9\" data-id=\"208b5b9\" data-element_type=\"column\">\n\t\t\t<div class=\"elementor-widget-wrap elementor-element-populated\">\n\t\t\t\t\t\t\t\t<div class=\"elementor-element elementor-element-c22a62d elementor-widget elementor-widget-text-editor\" data-id=\"c22a62d\" data-element_type=\"widget\" data-widget_type=\"text-editor.default\">\n\t\t\t\t<div class=\"elementor-widget-container\">\n\t\t\t\t\t\t\t<ul><li><p><strong>Doctorants Es-Sciences <\/strong><strong>-1 \u062f\u0643\u062a\u0648\u0631\u0627\u0647 \u0639\u0644\u0648\u0645:<\/strong><\/p><p><strong>-2- \u062f\u0643\u062a\u0648\u0631\u0627\u0647 \u0627\u0644\u0637\u0648\u0631 \u0627\u0644\u062b\u0627\u0644\u062b : <\/strong><strong>LMD<\/strong><\/p><p><strong>&#8211;\u00a0\u00a0\u00a0 \u0627\u0644\u062a\u062e\u0635\u0635\u0627\u062a:<\/strong><\/p><p><strong>Pathologies des ruminants et pathologies infectieuses<\/strong><strong>-1 <\/strong><\/p><p><strong>Biologie et pathologie cellulaire<\/strong><strong>-2<\/strong><\/p><p><strong>3-Parasitologie v\u00e9t\u00e9rinaire<\/strong><\/p><\/li><\/ul>\t\t\t\t\t\t<\/div>\n\t\t\t\t<\/div>\n\t\t\t\t\t<\/div>\n\t\t<\/div>\n\t\t\t\t\t\t\t<\/div>\n\t\t<\/section>\n\t\t\t\t\t\t<\/div>\n\t\t\t\t\t<\/div>\n\t\t","protected":false},"excerpt":{"rendered":"<p>\u0642\u0633\u0645 \u0627\u0644\u0628\u064a\u0648\u0644\u0648\u062c\u064a\u0627 Doctorants Es-Sciences -1 \u062f\u0643\u062a\u0648\u0631\u0627\u0647 \u0639\u0644\u0648\u0645: -2- \u062f\u0643\u062a\u0648\u0631\u0627\u0647 \u0627\u0644\u0637\u0648\u0631 \u0627\u0644\u062b\u0627\u0644\u062b : LMD \u0634\u0639\u0628\u0629 :\u0627\u0644\u0639\u0644\u0648\u0645 \u0627\u0644\u0628\u064a\u0648\u0644\u0648\u062c\u064a\u0629 \u00ab\u00a0Sciences Biologiques\u00a0\u00bb \u0634\u0639\u0628\u0629 :Ecologie \u00e9volutive, fonctionnelle et des communaut\u00e9s \u0634\u0639\u0628\u0629 :\u00ab Biologie et conservation des zones humides \u00bb \u0634\u0639\u0628\u0629: \u00ab\u00a0Ecotoxicologie, environnement et sant\u00e9 \u0634\u0639\u0628\u0629 : \u0639\u0644\u0645 \u0627\u0644\u0628\u064a\u0626\u0629 \u0648 \u0627\u0644\u0645\u062d\u064a\u0637\u00ab\u00a0Ecologie et Environnement\u00a0\u00bb \u0634\u0639\u0628\u0629 \u0628\u064a\u0648\u062a\u0643\u0646\u0648\u0644\u0648\u062c\u064a\u0627: \u0627\u0644\u062a\u062e\u0635\u06351: Biotechnologie Pharmaceutique\u00a0 \u0627\u0644\u062a\u062e\u0635\u06352: Biotechnologie et [&hellip;]<\/p>\n<div class=\"pvc_clear\"><\/div>\n<p id=\"pvc_stats_616\" class=\"pvc_stats all  \" data-element-id=\"616\" style=\"\"><i class=\"pvc-stats-icon medium\" aria-hidden=\"true\"><svg aria-hidden=\"true\" focusable=\"false\" data-prefix=\"far\" data-icon=\"chart-bar\" role=\"img\" xmlns=\"http:\/\/www.w3.org\/2000\/svg\" viewBox=\"0 0 512 512\" class=\"svg-inline--fa fa-chart-bar fa-w-16 fa-2x\"><path fill=\"currentColor\" d=\"M396.8 352h22.4c6.4 0 12.8-6.4 12.8-12.8V108.8c0-6.4-6.4-12.8-12.8-12.8h-22.4c-6.4 0-12.8 6.4-12.8 12.8v230.4c0 6.4 6.4 12.8 12.8 12.8zm-192 0h22.4c6.4 0 12.8-6.4 12.8-12.8V140.8c0-6.4-6.4-12.8-12.8-12.8h-22.4c-6.4 0-12.8 6.4-12.8 12.8v198.4c0 6.4 6.4 12.8 12.8 12.8zm96 0h22.4c6.4 0 12.8-6.4 12.8-12.8V204.8c0-6.4-6.4-12.8-12.8-12.8h-22.4c-6.4 0-12.8 6.4-12.8 12.8v134.4c0 6.4 6.4 12.8 12.8 12.8zM496 400H48V80c0-8.84-7.16-16-16-16H16C7.16 64 0 71.16 0 80v336c0 17.67 14.33 32 32 32h464c8.84 0 16-7.16 16-16v-16c0-8.84-7.16-16-16-16zm-387.2-48h22.4c6.4 0 12.8-6.4 12.8-12.8v-70.4c0-6.4-6.4-12.8-12.8-12.8h-22.4c-6.4 0-12.8 6.4-12.8 12.8v70.4c0 6.4 6.4 12.8 12.8 12.8z\" class=\"\"><\/path><\/svg><\/i> <img loading=\"lazy\" width=\"16\" height=\"16\" alt=\"Loading\" src=\"http:\/\/univ-eltarf.dz\/ucbet\/fsnv\/wp-content\/plugins\/page-views-count\/ajax-loader-2x.gif\" border=0 \/><\/p>\n<div class=\"pvc_clear\"><\/div>\n","protected":false},"author":1,"featured_media":622,"parent":0,"menu_order":0,"comment_status":"closed","ping_status":"closed","template":"","meta":{"om_disable_all_campaigns":false},"_links":{"self":[{"href":"http:\/\/univ-eltarf.dz\/ucbet\/fsnv\/wp-json\/wp\/v2\/pages\/616"}],"collection":[{"href":"http:\/\/univ-eltarf.dz\/ucbet\/fsnv\/wp-json\/wp\/v2\/pages"}],"about":[{"href":"http:\/\/univ-eltarf.dz\/ucbet\/fsnv\/wp-json\/wp\/v2\/types\/page"}],"author":[{"embeddable":true,"href":"http:\/\/univ-eltarf.dz\/ucbet\/fsnv\/wp-json\/wp\/v2\/users\/1"}],"replies":[{"embeddable":true,"href":"http:\/\/univ-eltarf.dz\/ucbet\/fsnv\/wp-json\/wp\/v2\/comments?post=616"}],"version-history":[{"count":4,"href":"http:\/\/univ-eltarf.dz\/ucbet\/fsnv\/wp-json\/wp\/v2\/pages\/616\/revisions"}],"predecessor-version":[{"id":621,"href":"http:\/\/univ-eltarf.dz\/ucbet\/fsnv\/wp-json\/wp\/v2\/pages\/616\/revisions\/621"}],"wp:featuredmedia":[{"embeddable":true,"href":"http:\/\/univ-eltarf.dz\/ucbet\/fsnv\/wp-json\/wp\/v2\/media\/622"}],"wp:attachment":[{"href":"http:\/\/univ-eltarf.dz\/ucbet\/fsnv\/wp-json\/wp\/v2\/media?parent=616"}],"curies":[{"name":"wp","href":"https:\/\/api.w.org\/{rel}","templated":true}]}}